{"id":237,"date":"2021-03-17T00:47:36","date_gmt":"2021-03-16T23:47:36","guid":{"rendered":"https:\/\/www.roivaz.com\/index.php\/hestia-front\/"},"modified":"2021-03-22T02:24:59","modified_gmt":"2021-03-22T01:24:59","slug":"servicios","status":"publish","type":"page","link":"https:\/\/www.roivaz.com\/index.php\/servicios\/","title":{"rendered":"SERVICIOS"},"content":{"rendered":"\n<div class=\"wp-block-themeisle-blocks-service\">\n<div class=\"wp-block-columns is-layout-flex wp-container-core-columns-is-layout-9d6595d7 wp-block-columns-is-layout-flex\">\n<div class=\"wp-block-column is-layout-flow wp-block-column-is-layout-flow\" style=\"flex-basis:100%\">\n<p class=\"wp-block-themeisle-blocks-font-awesome-icons\" id=\"wp-block-themeisle-blocks-font-awesome-icons-99037424\"><span class=\"wp-block-themeisle-blocks-font-awesome-icons-container\"><i class=\"fab fa-angellist\"><\/i><\/span><\/p>\n<\/div>\n<\/div>\n\n\n\n<h4 id=\"wp-block-themeisle-blocks-advanced-heading-efbe4185\" class=\"wp-block-themeisle-blocks-advanced-heading wp-block-themeisle-blocks-advanced-heading-efbe4185\">ROIVAZ<\/h4>\n\n\n\n<p id=\"wp-block-themeisle-blocks-advanced-heading-598aac91\" class=\"wp-block-themeisle-blocks-advanced-heading wp-block-themeisle-blocks-advanced-heading-598aac91\">SERVICIO DE TRANSPORTE PARA EMPRESAS<\/p>\n\n\n\n<div class=\"wp-block-columns is-layout-flex wp-container-core-columns-is-layout-9d6595d7 wp-block-columns-is-layout-flex\">\n<div class=\"wp-block-column is-layout-flow wp-block-column-is-layout-flow\">\n<p class=\"has-text-align-center\"><strong>CARGAS COMPLETAS<\/strong><\/p>\n\n\n\n<p class=\"has-text-align-center\">Contamos con una bolsa de empresas para poderle dar distribuci\u00f3n y gestionar todas las cargas completas de su empresa. Gracias a la colaboraci\u00f3n que tenemos con dichas empresas, podemos conseguir precios competitivos y una mejor optimizaci\u00f3n en los tiempos de entregas<\/p>\n<\/div>\n\n\n\n<div class=\"wp-block-column is-layout-flow wp-block-column-is-layout-flow\">\n<p class=\"has-text-align-center\"><strong>TRANSPORTE EXPRESS<\/strong><\/p>\n\n\n\n<p class=\"has-text-align-center\">El servicio de transporte especial de mercanc\u00edas puerta a puerta que\u00a0se adapta al 100% a las exigencias de la mercanc\u00eda y requerimientos de tiempos de tr\u00e1nsito\u00a0m\u00e1s exigentes<\/p>\n<\/div>\n\n\n\n<div class=\"wp-block-column is-layout-flow wp-block-column-is-layout-flow\">\n<p class=\"has-text-align-center\"><strong>TRANSPORTE ADR<\/strong><\/p>\n\n\n\n<p class=\"has-text-align-center\"><strong>\u00a0<\/strong>Para transporte de mercanc\u00edas peligrosas contamos con un consejero de seguridad subcontratado de forma ajena, mediante un acuerdo de colaboraci\u00f3n con el fin de poderles brindar un buen asesoramiento a nuestros clientes, ante el desconocimiento de la condiciones que implica<\/p>\n<\/div>\n<\/div>\n<\/div>\n\n\n\n<div class=\"wp-block-columns is-layout-flex wp-container-core-columns-is-layout-9d6595d7 wp-block-columns-is-layout-flex\">\n<div class=\"wp-block-column is-layout-flow wp-block-column-is-layout-flow\">\n<p class=\"has-text-align-center\"><strong>CARGA COMPLETA<\/strong><\/p>\n\n\n\n<p class=\"has-text-align-center\">El servicio de transporte por carretera que mejor se adapta a las necesidades y requerimientos en el\u00a0transporte de grandes vol\u00famenes, desde la recepci\u00f3n de las instrucciones de carga hasta la descarga de la mercanc\u00eda.<\/p>\n<\/div>\n\n\n\n<div class=\"wp-block-column is-layout-flow wp-block-column-is-layout-flow\">\n<p class=\"has-text-align-center\"><strong>FLOTA DE VEHICULOS<\/strong><\/p>\n\n\n\n<p class=\"has-text-align-center\">Disponemos de una amplia flota de veh\u00edculos. Todos nuestros camiones est\u00e1n completamente equipados y adaptados a la normativa de transporte vigente. Llevamos la mercanc\u00eda donde su negocio necesite.&nbsp;<\/p>\n<\/div>\n\n\n\n<div class=\"wp-block-column is-layout-flow wp-block-column-is-layout-flow\">\n<p class=\"has-text-align-center\"><strong>EQUIPO<\/strong><\/p>\n\n\n\n<p class=\"has-text-align-center\">Nuestros conductores cuentan con la m\u00e1s completa formaci\u00f3n en el sector. Profesionales con una dilatada experiencia que garantizan la correcta entrega de la mercanc\u00eda en el plazo acordado.<\/p>\n<\/div>\n<\/div>\n\n\n\n<div class=\"wp-block-cover has-background-dim\" style=\"min-height:100vh;aspect-ratio:unset;\"><img loading=\"lazy\" decoding=\"async\" width=\"1920\" height=\"1280\" class=\"wp-block-cover__image-background wp-image-118\" alt=\"\" src=\"https:\/\/www.roivaz.com\/wp-content\/uploads\/2021\/03\/cropped-snow-light-sunset-road-traffic-night-232-pxhere-com.jpg\" data-object-fit=\"cover\" srcset=\"https:\/\/www.roivaz.com\/wp-content\/uploads\/2021\/03\/cropped-snow-light-sunset-road-traffic-night-232-pxhere-com.jpg 1920w, https:\/\/www.roivaz.com\/wp-content\/uploads\/2021\/03\/cropped-snow-light-sunset-road-traffic-night-232-pxhere-com-300x200.jpg 300w, https:\/\/www.roivaz.com\/wp-content\/uploads\/2021\/03\/cropped-snow-light-sunset-road-traffic-night-232-pxhere-com-1024x683.jpg 1024w, https:\/\/www.roivaz.com\/wp-content\/uploads\/2021\/03\/cropped-snow-light-sunset-road-traffic-night-232-pxhere-com-768x512.jpg 768w, https:\/\/www.roivaz.com\/wp-content\/uploads\/2021\/03\/cropped-snow-light-sunset-road-traffic-night-232-pxhere-com-1536x1024.jpg 1536w\" sizes=\"auto, (max-width: 1920px) 100vw, 1920px\" \/><div class=\"wp-block-cover__inner-container is-layout-flow wp-block-cover-is-layout-flow\">\n<p class=\"has-text-align-center has-large-font-size\">L<strong>e ayudamos a hacer realidad los compromisos con sus clientes, aportando las m\u00e1ximas garant\u00edas y fiabilidad<\/strong><\/p>\n<\/div><\/div>\n\n\n\n<pre class=\"wp-block-preformatted\"><\/pre>\n","protected":false},"excerpt":{"rendered":"<p>CARGA COMPLETA El servicio de transporte por carretera que mejor se adapta a las necesidades y requerimientos en el\u00a0transporte de grandes vol\u00famenes, desde la recepci\u00f3n de las instrucciones de carga hasta la descarga de la mercanc\u00eda. FLOTA DE VEHICULOS Disponemos de una amplia flota de veh\u00edculos. Todos nuestros camiones est\u00e1n completamente equipados y adaptados a&hellip; <br \/> <a class=\"button small blue\" href=\"https:\/\/www.roivaz.com\/index.php\/servicios\/\">Leer m\u00e1s<\/a><\/p>\n","protected":false},"author":1,"featured_media":0,"parent":0,"menu_order":0,"comment_status":"closed","ping_status":"closed","template":"templates\/builder-fullwidth-std.php","meta":{"footnotes":""},"class_list":["post-237","page","type-page","status-publish","hentry"],"_links":{"self":[{"href":"https:\/\/www.roivaz.com\/index.php\/wp-json\/wp\/v2\/pages\/237","targetHints":{"allow":["GET"]}}],"collection":[{"href":"https:\/\/www.roivaz.com\/index.php\/wp-json\/wp\/v2\/pages"}],"about":[{"href":"https:\/\/www.roivaz.com\/index.php\/wp-json\/wp\/v2\/types\/page"}],"author":[{"embeddable":true,"href":"https:\/\/www.roivaz.com\/index.php\/wp-json\/wp\/v2\/users\/1"}],"replies":[{"embeddable":true,"href":"https:\/\/www.roivaz.com\/index.php\/wp-json\/wp\/v2\/comments?post=237"}],"version-history":[{"count":8,"href":"https:\/\/www.roivaz.com\/index.php\/wp-json\/wp\/v2\/pages\/237\/revisions"}],"predecessor-version":[{"id":281,"href":"https:\/\/www.roivaz.com\/index.php\/wp-json\/wp\/v2\/pages\/237\/revisions\/281"}],"wp:attachment":[{"href":"https:\/\/www.roivaz.com\/index.php\/wp-json\/wp\/v2\/media?parent=237"}],"curies":[{"name":"wp","href":"https:\/\/api.w.org\/{rel}","templated":true}]}}